{"id":12234,"date":"2024-09-19T10:04:49","date_gmt":"2024-09-19T08:04:49","guid":{"rendered":"https:\/\/grupmuntaner.com\/seguros\/"},"modified":"2025-06-17T09:42:35","modified_gmt":"2025-06-17T07:42:35","slug":"seguros","status":"publish","type":"page","link":"https:\/\/grupmuntaner.com\/es\/seguros\/","title":{"rendered":"Seguros"},"content":{"rendered":"\t\t<div data-elementor-type=\"wp-page\" data-elementor-id=\"12234\" class=\"elementor elementor-12234\">\n\t\t\t\t\t\t<section class=\"elementor-section elementor-top-section elementor-element elementor-element-b70eb05 elementor-section-full_width elementor-section-height-min-height qodef-elementor-content-grid elementor-section-height-default elementor-section-items-middle\" data-id=\"b70eb05\" data-element_type=\"section\" data-e-type=\"section\" data-settings=\"{&quot;background_background&quot;:&quot;classic&quot;}\">\n\t\t\t\t\t\t<div class=\"elementor-container elementor-column-gap-no\">\n\t\t\t\t\t<div class=\"elementor-column elementor-col-100 elementor-top-column elementor-element elementor-element-1769895\" data-id=\"1769895\" data-element_type=\"column\" data-e-type=\"column\">\n\t\t\t<div class=\"elementor-widget-wrap elementor-element-populated\">\n\t\t\t\t\t\t<div class=\"elementor-element elementor-element-f309779 elementor-widget elementor-widget-image\" data-id=\"f309779\" data-element_type=\"widget\" data-e-type=\"widget\" data-widget_type=\"image.default\">\n\t\t\t\t<div class=\"elementor-widget-container\">\n\t\t\t\t\t\t\t\t\t\t\t\t\t\t\t<img decoding=\"async\" width=\"381\" height=\"113\" src=\"https:\/\/grupmuntaner.com\/wp-content\/uploads\/2024\/09\/Logo-Assegurances-White.png\" class=\"attachment-large size-large wp-image-11596\" alt=\"\" srcset=\"https:\/\/grupmuntaner.com\/wp-content\/uploads\/2024\/09\/Logo-Assegurances-White.png 381w, https:\/\/grupmuntaner.com\/wp-content\/uploads\/2024\/09\/Logo-Assegurances-White-300x89.png 300w\" sizes=\"(max-width: 381px) 100vw, 381px\" \/>\t\t\t\t\t\t\t\t\t\t\t\t\t\t\t<\/div>\n\t\t\t\t<\/div>\n\t\t\t\t\t<\/div>\n\t\t<\/div>\n\t\t\t\t\t<\/div>\n\t\t<\/section>\n\t\t\t\t<section class=\"elementor-section elementor-top-section elementor-element elementor-element-23d633b elementor-section-full_width elementor-section-height-default elementor-section-height-default\" data-id=\"23d633b\" data-element_type=\"section\" data-e-type=\"section\" data-settings=\"{&quot;background_background&quot;:&quot;classic&quot;}\">\n\t\t\t\t\t\t<div class=\"elementor-container elementor-column-gap-no\">\n\t\t\t\t\t<div class=\"elementor-column elementor-col-100 elementor-top-column elementor-element elementor-element-93045e6\" data-id=\"93045e6\" data-element_type=\"column\" data-e-type=\"column\">\n\t\t\t<div class=\"elementor-widget-wrap elementor-element-populated\">\n\t\t\t\t\t\t<div class=\"elementor-element elementor-element-39ed4d1 elementor-widget elementor-widget-leroux_core_section_title\" data-id=\"39ed4d1\" data-element_type=\"widget\" data-e-type=\"widget\" data-widget_type=\"leroux_core_section_title.default\">\n\t\t\t\t<div class=\"elementor-widget-container\">\n\t\t\t\t\t<div class=\"qodef-shortcode qodef-m  qodef-section-title qodef-alignment--center qodef-title-break--disabled\">\n\t\t<h2 class=\"qodef-m-title\" >\n\t\t\t\t\tSeguros<br \/> <span class=\"qodef-special-style\">de<\/span> <span class=\"qodef-special-style\">calidad<\/span>\t\t\t<\/h2>\n\t<\/div>\n\t\t\t\t<\/div>\n\t\t\t\t<\/div>\n\t\t\t\t<div class=\"elementor-element elementor-element-7e66f1a elementor-widget elementor-widget-text-editor\" data-id=\"7e66f1a\" data-element_type=\"widget\" data-e-type=\"widget\" data-widget_type=\"text-editor.default\">\n\t\t\t\t<div class=\"elementor-widget-container\">\n\t\t\t\t\t\t\t\t\t<p>Asesoramos sobre las opciones m\u00e1s adecuadas de manera individualizada, se contrata tan s\u00f3lo lo que se desea y se paga por lo que se necesita.<\/p>\t\t\t\t\t\t\t\t<\/div>\n\t\t\t\t<\/div>\n\t\t\t\t\t<\/div>\n\t\t<\/div>\n\t\t\t\t\t<\/div>\n\t\t<\/section>\n\t\t\t\t<section class=\"elementor-section elementor-top-section elementor-element elementor-element-a801a21 elementor-section-full_width elementor-section-height-default elementor-section-height-default\" data-id=\"a801a21\" data-element_type=\"section\" data-e-type=\"section\" data-settings=\"{&quot;background_background&quot;:&quot;classic&quot;}\">\n\t\t\t\t\t\t<div class=\"elementor-container elementor-column-gap-no\">\n\t\t\t\t\t<div class=\"elementor-column elementor-col-25 elementor-top-column elementor-element elementor-element-5b7f461\" data-id=\"5b7f461\" data-element_type=\"column\" data-e-type=\"column\">\n\t\t\t<div class=\"elementor-widget-wrap elementor-element-populated\">\n\t\t\t\t\t\t<div class=\"elementor-element elementor-element-b47d368 elementor-widget elementor-widget-leroux_core_icon_with_text\" data-id=\"b47d368\" data-element_type=\"widget\" data-e-type=\"widget\" data-widget_type=\"leroux_core_icon_with_text.default\">\n\t\t\t\t<div class=\"elementor-widget-container\">\n\t\t\t\t\t<div class=\"qodef-shortcode qodef-m  qodef-icon-with-text qodef-layout--top qodef--custom-icon qodef--retina   qodef-borders--no        qodef--has-appear \">\n\t<div class=\"qodef-m-wrapper\" style=\"padding: 0 0 0 0\">\n\t\t<div class=\"qodef-m-icon-wrapper\">\n\t\t\t\t\t<img decoding=\"async\" width=\"221\" height=\"139\" src=\"https:\/\/grupmuntaner.com\/wp-content\/uploads\/2024\/08\/GMR-icon-Assegurances_1.png\" class=\"attachment-full size-full\" alt=\"\" \/>\t\t\t<\/div>\n\t\t<div class=\"qodef-m-content\">\n\t\t\t\t<h5 class=\"qodef-m-title\" >\n\t\t\t\t\t<span class=\"qodef-m-title-text\">Autom\u00f3viles<\/span>\n\t\t\t<\/h5>\n\t\t\t\t<p class=\"qodef-m-text\" style=\"margin-top: 8px\">Seguros completos para todo tipo de veh\u00edculos, incluyendo coches, furgonetas, motos, camiones y otros. Nuestra cobertura se adapta a las necesidades espec\u00edficas de cada tipo de veh\u00edculo, garantizando protecci\u00f3n en todo momento.<\/p>\n\t\t<\/div>\n\t<\/div>\n\n\t<\/div>\n\t\t\t\t<\/div>\n\t\t\t\t<\/div>\n\t\t\t\t\t<\/div>\n\t\t<\/div>\n\t\t\t\t<div class=\"elementor-column elementor-col-25 elementor-top-column elementor-element elementor-element-dd40546\" data-id=\"dd40546\" data-element_type=\"column\" data-e-type=\"column\">\n\t\t\t<div class=\"elementor-widget-wrap elementor-element-populated\">\n\t\t\t\t\t\t<div class=\"elementor-element elementor-element-5f3e746 elementor-widget elementor-widget-leroux_core_icon_with_text\" data-id=\"5f3e746\" data-element_type=\"widget\" data-e-type=\"widget\" data-widget_type=\"leroux_core_icon_with_text.default\">\n\t\t\t\t<div class=\"elementor-widget-container\">\n\t\t\t\t\t<div class=\"qodef-shortcode qodef-m  qodef-icon-with-text qodef-layout--top qodef--custom-icon qodef--retina   qodef-borders--no        qodef--has-appear \">\n\t<div class=\"qodef-m-wrapper\" style=\"padding: 0 0 0 0\">\n\t\t<div class=\"qodef-m-icon-wrapper\">\n\t\t\t\t\t<img decoding=\"async\" width=\"181\" height=\"139\" src=\"https:\/\/grupmuntaner.com\/wp-content\/uploads\/2024\/08\/GMR-icon-Assegurances_2.png\" class=\"attachment-full size-full\" alt=\"\" \/>\t\t\t<\/div>\n\t\t<div class=\"qodef-m-content\">\n\t\t\t\t<h5 class=\"qodef-m-title\" >\n\t\t\t\t\t<span class=\"qodef-m-title-text\">Hogar<\/span>\n\t\t\t<\/h5>\n\t\t\t\t<p class=\"qodef-m-text\" style=\"margin-top: 8px\">Ofrecemos seguros para el hogar que abarcan tanto viviendas individuales como comunidades. Nuestra cobertura integral protege contra una variedad de riesgos, asegurando la tranquilidad y seguridad de su casa.<\/p>\n\t\t<\/div>\n\t<\/div>\n\n\t<\/div>\n\t\t\t\t<\/div>\n\t\t\t\t<\/div>\n\t\t\t\t\t<\/div>\n\t\t<\/div>\n\t\t\t\t<div class=\"elementor-column elementor-col-25 elementor-top-column elementor-element elementor-element-e604d6c\" data-id=\"e604d6c\" data-element_type=\"column\" data-e-type=\"column\">\n\t\t\t<div class=\"elementor-widget-wrap elementor-element-populated\">\n\t\t\t\t\t\t<div class=\"elementor-element elementor-element-37ebf11 elementor-widget elementor-widget-leroux_core_icon_with_text\" data-id=\"37ebf11\" data-element_type=\"widget\" data-e-type=\"widget\" data-widget_type=\"leroux_core_icon_with_text.default\">\n\t\t\t\t<div class=\"elementor-widget-container\">\n\t\t\t\t\t<div class=\"qodef-shortcode qodef-m  qodef-icon-with-text qodef-layout--top qodef--custom-icon qodef--retina   qodef-borders--no        qodef--has-appear \">\n\t<div class=\"qodef-m-wrapper\" style=\"padding: 0 0 0 0\">\n\t\t<div class=\"qodef-m-icon-wrapper\">\n\t\t\t\t\t<img loading=\"lazy\" decoding=\"async\" width=\"202\" height=\"139\" src=\"https:\/\/grupmuntaner.com\/wp-content\/uploads\/2024\/08\/GMR-icon-Assegurances_3.png\" class=\"attachment-full size-full\" alt=\"\" \/>\t\t\t<\/div>\n\t\t<div class=\"qodef-m-content\">\n\t\t\t\t<h5 class=\"qodef-m-title\" >\n\t\t\t\t\t<span class=\"qodef-m-title-text\">Vida<\/span>\n\t\t\t<\/h5>\n\t\t\t\t<p class=\"qodef-m-text\" style=\"margin-top: 8px\">Incluyen coberturas para la salud y para usted y sus seres queridos en situaciones imprevistas. Dise\u00f1ados para adaptarse a distintas necesidades, ofrecen paz mental y estabilidad financiera para todos.<\/p>\n\t\t<\/div>\n\t<\/div>\n\n\t<\/div>\n\t\t\t\t<\/div>\n\t\t\t\t<\/div>\n\t\t\t\t\t<\/div>\n\t\t<\/div>\n\t\t\t\t<div class=\"elementor-column elementor-col-25 elementor-top-column elementor-element elementor-element-cc60c23\" data-id=\"cc60c23\" data-element_type=\"column\" data-e-type=\"column\">\n\t\t\t<div class=\"elementor-widget-wrap elementor-element-populated\">\n\t\t\t\t\t\t<div class=\"elementor-element elementor-element-b4ad209 elementor-widget elementor-widget-leroux_core_icon_with_text\" data-id=\"b4ad209\" data-element_type=\"widget\" data-e-type=\"widget\" data-widget_type=\"leroux_core_icon_with_text.default\">\n\t\t\t\t<div class=\"elementor-widget-container\">\n\t\t\t\t\t<div class=\"qodef-shortcode qodef-m  qodef-icon-with-text qodef-layout--top qodef--custom-icon qodef--retina   qodef-borders--no        qodef--has-appear \">\n\t<div class=\"qodef-m-wrapper\" style=\"padding: 0 0 0 0\">\n\t\t<div class=\"qodef-m-icon-wrapper\">\n\t\t\t\t\t<img loading=\"lazy\" decoding=\"async\" width=\"158\" height=\"138\" src=\"https:\/\/grupmuntaner.com\/wp-content\/uploads\/2024\/08\/GMR-icon-Assegurances_4.png\" class=\"attachment-full size-full\" alt=\"\" \/>\t\t\t<\/div>\n\t\t<div class=\"qodef-m-content\">\n\t\t\t\t<h5 class=\"qodef-m-title\" >\n\t\t\t\t\t<span class=\"qodef-m-title-text\">Decesos<\/span>\n\t\t\t<\/h5>\n\t\t\t\t<p class=\"qodef-m-text\" style=\"margin-top: 8px\">Ofrecemos el seguro de decesos para abordar las necesidades asociadas con los gastos y formalidades relacionadas con el fallecimiento. Apoyamos a las familias aliviando la carga econ\u00f3mica y organizativa durante estos momentos dif\u00edciles.<\/p>\n\t\t<\/div>\n\t<\/div>\n\n\t<\/div>\n\t\t\t\t<\/div>\n\t\t\t\t<\/div>\n\t\t\t\t\t<\/div>\n\t\t<\/div>\n\t\t\t\t\t<\/div>\n\t\t<\/section>\n\t\t\t\t<section class=\"elementor-section elementor-top-section elementor-element elementor-element-02af5a4 elementor-section-full_width elementor-section-height-default elementor-section-height-default\" data-id=\"02af5a4\" data-element_type=\"section\" data-e-type=\"section\" data-settings=\"{&quot;background_background&quot;:&quot;classic&quot;}\">\n\t\t\t\t\t\t<div class=\"elementor-container elementor-column-gap-no\">\n\t\t\t\t\t<div class=\"elementor-column elementor-col-100 elementor-top-column elementor-element elementor-element-17d6f57\" data-id=\"17d6f57\" data-element_type=\"column\" data-e-type=\"column\">\n\t\t\t<div class=\"elementor-widget-wrap elementor-element-populated\">\n\t\t\t\t\t\t<div class=\"elementor-element elementor-element-d879071 elementor-widget elementor-widget-leroux_core_section_title\" data-id=\"d879071\" data-element_type=\"widget\" data-e-type=\"widget\" data-widget_type=\"leroux_core_section_title.default\">\n\t\t\t\t<div class=\"elementor-widget-container\">\n\t\t\t\t\t<div class=\"qodef-shortcode qodef-m  qodef-section-title qodef-alignment--center qodef-title-break--disabled\">\n\t\t<h2 class=\"qodef-m-title\" style=\"color: #FFFFFF\">\n\t\t\t\t\tPide<br \/> m\u00e1s informaci\u00f3n\t\t\t<\/h2>\n\t<\/div>\n\t\t\t\t<\/div>\n\t\t\t\t<\/div>\n\t\t\t\t<div class=\"elementor-element elementor-element-4d18f76 elementor-widget elementor-widget-wp-widget-leroux_core_contact_form_7\" data-id=\"4d18f76\" data-element_type=\"widget\" data-e-type=\"widget\" data-widget_type=\"wp-widget-leroux_core_contact_form_7.default\">\n\t\t\t\t<div class=\"elementor-widget-container\">\n\t\t\t\t\t\t\t\t<div class=\"qodef-contact-form-7\">\n\t\t\t\t\n<div class=\"wpcf7 no-js\" id=\"wpcf7-f11451-o1\" lang=\"ca\" dir=\"ltr\" data-wpcf7-id=\"11451\">\n<div class=\"screen-reader-response\"><p role=\"status\" aria-live=\"polite\" aria-atomic=\"true\"><\/p> <ul><\/ul><\/div>\n<form action=\"\/es\/wp-json\/wp\/v2\/pages\/12234#wpcf7-f11451-o1\" method=\"post\" class=\"wpcf7-form init\" aria-label=\"Formulari de contacte\" novalidate=\"novalidate\" data-status=\"init\">\n<fieldset class=\"hidden-fields-container\"><input type=\"hidden\" name=\"_wpcf7\" value=\"11451\" \/><input type=\"hidden\" name=\"_wpcf7_version\" value=\"6.1.5\" \/><input type=\"hidden\" name=\"_wpcf7_locale\" value=\"ca\" \/><input type=\"hidden\" name=\"_wpcf7_unit_tag\" value=\"wpcf7-f11451-o1\" \/><input type=\"hidden\" name=\"_wpcf7_container_post\" value=\"0\" \/><input type=\"hidden\" name=\"_wpcf7_posted_data_hash\" value=\"\" \/><input type=\"hidden\" name=\"_wpcf7_recaptcha_response\" value=\"\" \/>\n<\/fieldset>\n<div class=\"qodef-main-form qodef-layout--columns qodef-cf7-skin--light\">\n\n  <div class=\"qodef-cf7-columns\">\n    <div class=\"qodef-input-holder\">\n      <span class=\"wpcf7-form-control-wrap\" data-name=\"your-name\"><input size=\"40\" maxlength=\"400\" class=\"wpcf7-form-control wpcf7-text wpcf7-validates-as-required\" aria-required=\"true\" aria-invalid=\"false\" placeholder=\"Nom\" value=\"\" type=\"text\" name=\"your-name\" \/><\/span>\n    <\/div>\n\n    <div class=\"qodef-input-holder\">\n      <span class=\"wpcf7-form-control-wrap\" data-name=\"your-email\"><input size=\"40\" maxlength=\"400\" class=\"wpcf7-form-control wpcf7-email wpcf7-validates-as-required wpcf7-text wpcf7-validates-as-email\" aria-required=\"true\" aria-invalid=\"false\" placeholder=\"Correu electr\u00f2nic\" value=\"\" type=\"email\" name=\"your-email\" \/><\/span>\n    <\/div>\n  <\/div>\n\n  <div class=\"qodef-input-holder\">\n    <span class=\"wpcf7-form-control-wrap\" data-name=\"your-message\"><textarea cols=\"40\" rows=\"5\" maxlength=\"2000\" class=\"wpcf7-form-control wpcf7-textarea\" aria-invalid=\"false\" placeholder=\"Missatge\" name=\"your-message\"><\/textarea><\/span>\n  <\/div>\n\n  <div class=\"qodef-input-holder\">\n    \n  <\/div>\n\n  <div class=\"qodef-input-holder\">\n    <button class=\"wpcf7-form-control wpcf7-submit qodef-button qodef-size--normal qodef-layout--filled qodef-m\" type=\"submit\"><span class=\"qodef-m-text\">Enviar<\/span><span class=\"qodef-m-arrow\"><svg class=\"qodef-svg--button-arrow\" xmlns=\"http:\/\/www.w3.org\/2000\/svg\" width=\"10\" height=\"10\" viewBox=\"0 0 9.8 9.8\"><g><path d=\"m.4 9.4 9-9\"\/><path d=\"M.4.5h8.9\"\/><path d=\"M9.3 9.4V.5\"\/><\/g><g><path d=\"m.4 9.4 9-9\"\/><path d=\"M.4.5h8.9\"\/><path d=\"M9.3 9.4V.5\"\/><\/g><\/svg><\/span><\/button>\n  <\/div>\n\n<\/div><p style=\"display: none !important;\" class=\"akismet-fields-container\" data-prefix=\"_wpcf7_ak_\"><label>&#916;<textarea name=\"_wpcf7_ak_hp_textarea\" cols=\"45\" rows=\"8\" maxlength=\"100\"><\/textarea><\/label><input type=\"hidden\" id=\"ak_js_1\" name=\"_wpcf7_ak_js\" value=\"180\"\/><script type=\"text\/javascript\">\n\/* <![CDATA[ *\/\ndocument.getElementById( \"ak_js_1\" ).setAttribute( \"value\", ( new Date() ).getTime() );\n\/* ]]> *\/\n<\/script>\n<\/p><div class=\"wpcf7-response-output\" aria-hidden=\"true\"><\/div>\n<\/form>\n<\/div>\n\t\t\t<\/div>\n\t\t\t\t\t\t\t<\/div>\n\t\t\t\t<\/div>\n\t\t\t\t\t<\/div>\n\t\t<\/div>\n\t\t\t\t\t<\/div>\n\t\t<\/section>\n\t\t\t\t<\/div>\n\t\t","protected":false},"excerpt":{"rendered":"<p>Seguros de calidad Asesoramos sobre las opciones m\u00e1s adecuadas de manera individualizada, se contrata tan s\u00f3lo lo que se desea y se paga por lo que se necesita. Autom\u00f3viles Seguros completos para todo tipo de veh\u00edculos, incluyendo coches, furgonetas, motos, camiones y otros. Nuestra cobertura se adapta a las necesidades espec\u00edficas de cada tipo de [&hellip;]<\/p>\n","protected":false},"author":1,"featured_media":0,"parent":0,"menu_order":0,"comment_status":"closed","ping_status":"closed","template":"page-full-width.php","meta":{"footnotes":""},"class_list":["post-12234","page","type-page","status-publish","hentry"],"_links":{"self":[{"href":"https:\/\/grupmuntaner.com\/es\/wp-json\/wp\/v2\/pages\/12234","targetHints":{"allow":["GET"]}}],"collection":[{"href":"https:\/\/grupmuntaner.com\/es\/wp-json\/wp\/v2\/pages"}],"about":[{"href":"https:\/\/grupmuntaner.com\/es\/wp-json\/wp\/v2\/types\/page"}],"author":[{"embeddable":true,"href":"https:\/\/grupmuntaner.com\/es\/wp-json\/wp\/v2\/users\/1"}],"replies":[{"embeddable":true,"href":"https:\/\/grupmuntaner.com\/es\/wp-json\/wp\/v2\/comments?post=12234"}],"version-history":[{"count":8,"href":"https:\/\/grupmuntaner.com\/es\/wp-json\/wp\/v2\/pages\/12234\/revisions"}],"predecessor-version":[{"id":12251,"href":"https:\/\/grupmuntaner.com\/es\/wp-json\/wp\/v2\/pages\/12234\/revisions\/12251"}],"wp:attachment":[{"href":"https:\/\/grupmuntaner.com\/es\/wp-json\/wp\/v2\/media?parent=12234"}],"curies":[{"name":"wp","href":"https:\/\/api.w.org\/{rel}","templated":true}]}}